{"id":5024,"date":"2025-12-02T20:41:31","date_gmt":"2025-12-02T19:41:31","guid":{"rendered":"https:\/\/letstransports.com\/?page_id=5024"},"modified":"2025-12-02T20:41:31","modified_gmt":"2025-12-02T19:41:31","slug":"concrete-recycling","status":"publish","type":"page","link":"https:\/\/letstransports.com\/index.php\/en\/concrete-recycling\/","title":{"rendered":"concrete-recycling"},"content":{"rendered":"<h1>Acquisition of a&nbsp;concrete and medium-hard rock crusher co-financed by the European Union<\/h1>\n<p>In 2025, LETS invested in a&nbsp;mobile impact concrete crusher, thanks to co-financing from the European Union.<\/p>\n<p>This machine has a&nbsp;wide range of uses, from a&nbsp;variety of recycling applications such as processing concrete, rubble, and asphalt, to processing soft to medium-hard rock. This reduces inert waste from construction sites, giving it a&nbsp;second life and allowing it to be reused on those same sites. It produces a&nbsp;high-quality end product (product sheet available on request).<\/p>\n<h2><img decoding=\"async\" class=\"alignnone size-medium wp-image-5008 lazyload\" data-src=\"https:\/\/letstransports.com\/wp-content\/uploads\/2025\/12\/IMG_3666-300x200.jpg\" alt=\"Concasseur Kleeman\" width=\"300\" height=\"200\" data-srcset=\"https:\/\/letstransports.com\/wp-content\/uploads\/2025\/12\/IMG_3666-300x200.jpg 300w, https:\/\/letstransports.com\/wp-content\/uploads\/2025\/12\/IMG_3666-1024x682.jpg 1024w, https:\/\/letstransports.com\/wp-content\/uploads\/2025\/12\/IMG_3666-768x512.jpg 768w, https:\/\/letstransports.com\/wp-content\/uploads\/2025\/12\/IMG_3666-1536x1024.jpg 1536w, https:\/\/letstransports.com\/wp-content\/uploads\/2025\/12\/IMG_3666-900x600.jpg 900w, https:\/\/letstransports.com\/wp-content\/uploads\/2025\/12\/IMG_3666.jpg 2000w\" data-sizes=\"(max-width: 300px) 100vw, 300px\" src=\"data:image\/svg+xml;base64,PHN2ZyB3aWR0aD0iMSIgaGVpZ2h0PSIxIiB4bWxucz0iaHR0cDovL3d3dy53My5vcmcvMjAwMC9zdmciPjwvc3ZnPg==\" style=\"--smush-placeholder-width: 300px; --smush-placeholder-aspect-ratio: 300\/200;\"> <img decoding=\"async\" class=\"size-medium wp-image-5006 lazyload\" style=\"--smush-placeholder-width: 300px; --smush-placeholder-aspect-ratio: 300\/200;font-size: 16px;\" data-src=\"https:\/\/letstransports.com\/wp-content\/uploads\/2025\/12\/IMG_3662-300x200.jpg\" alt=\"Concasseur \u00e0 b\u00e9ton mobile LETS cofinanc\u00e9 par les fonds europ\u00e9ens\" width=\"300\" height=\"200\" data-srcset=\"https:\/\/letstransports.com\/wp-content\/uploads\/2025\/12\/IMG_3662-300x200.jpg 300w, https:\/\/letstransports.com\/wp-content\/uploads\/2025\/12\/IMG_3662-1024x682.jpg 1024w, https:\/\/letstransports.com\/wp-content\/uploads\/2025\/12\/IMG_3662-768x512.jpg 768w, https:\/\/letstransports.com\/wp-content\/uploads\/2025\/12\/IMG_3662-1536x1024.jpg 1536w, https:\/\/letstransports.com\/wp-content\/uploads\/2025\/12\/IMG_3662-900x600.jpg 900w, https:\/\/letstransports.com\/wp-content\/uploads\/2025\/12\/IMG_3662.jpg 2000w\" data-sizes=\"(max-width: 300px) 100vw, 300px\" src=\"data:image\/svg+xml;base64,PHN2ZyB3aWR0aD0iMSIgaGVpZ2h0PSIxIiB4bWxucz0iaHR0cDovL3d3dy53My5vcmcvMjAwMC9zdmciPjwvc3ZnPg==\"> <img decoding=\"async\" class=\"alignnone size-medium wp-image-5009 lazyload\" data-src=\"https:\/\/letstransports.com\/wp-content\/uploads\/2025\/12\/IMG_3677-300x200.jpg\" alt width=\"300\" height=\"200\" data-srcset=\"https:\/\/letstransports.com\/wp-content\/uploads\/2025\/12\/IMG_3677-300x200.jpg 300w, https:\/\/letstransports.com\/wp-content\/uploads\/2025\/12\/IMG_3677-1024x682.jpg 1024w, https:\/\/letstransports.com\/wp-content\/uploads\/2025\/12\/IMG_3677-768x512.jpg 768w, https:\/\/letstransports.com\/wp-content\/uploads\/2025\/12\/IMG_3677-1536x1024.jpg 1536w, https:\/\/letstransports.com\/wp-content\/uploads\/2025\/12\/IMG_3677-900x600.jpg 900w, https:\/\/letstransports.com\/wp-content\/uploads\/2025\/12\/IMG_3677.jpg 2000w\" data-sizes=\"(max-width: 300px) 100vw, 300px\" src=\"data:image\/svg+xml;base64,PHN2ZyB3aWR0aD0iMSIgaGVpZ2h0PSIxIiB4bWxucz0iaHR0cDovL3d3dy53My5vcmcvMjAwMC9zdmciPjwvc3ZnPg==\" style=\"--smush-placeholder-width: 300px; --smush-placeholder-aspect-ratio: 300\/200;\"><\/h2>\n<h2>Environment<\/h2>\n<ul class=\"list list--icon\">\n<li class=\"list__item\">\n<div class=\"list__item__wrapper\">Zero-emission local operation via external power supply with the E-DRIVE drive concept, for improved sustainability<br> Dust reduction through water spraying to protect the operator and the environment from all potential sources of&nbsp;dust<\/div>\n<\/li>\n<\/ul>\n<div class=\"modal-header\">\n<h2 class=\"modal-title\">Magnetic separator<\/h2>\n<\/div>\n<div class=\"modal-body\">\n<div class=\"modal-body-inner\">\n<ul class=\"list list--icon\">\n<li class=\"list__item\">\n<div class=\"list__item__wrapper\">Efficient permanent magnet for improved end product quality and high production capacity<br> Flexible attachment to chains, individually adjustable in transverse and longitudinal inclination<br> Radio-controlled hydraulic lifting and lowering for rapid response to material jams<\/div>\n<\/li>\n<\/ul>\n<h2><img decoding=\"async\" class=\"alignnone size-medium wp-image-5014 lazyload\" data-src=\"https:\/\/letstransports.com\/wp-content\/uploads\/2025\/12\/IMG_3733-300x300.jpg\" alt width=\"300\" height=\"300\" data-srcset=\"https:\/\/letstransports.com\/wp-content\/uploads\/2025\/12\/IMG_3733-300x300.jpg 300w, https:\/\/letstransports.com\/wp-content\/uploads\/2025\/12\/IMG_3733-1024x1024.jpg 1024w, https:\/\/letstransports.com\/wp-content\/uploads\/2025\/12\/IMG_3733-150x150.jpg 150w, https:\/\/letstransports.com\/wp-content\/uploads\/2025\/12\/IMG_3733-768x768.jpg 768w, https:\/\/letstransports.com\/wp-content\/uploads\/2025\/12\/IMG_3733-1536x1536.jpg 1536w, https:\/\/letstransports.com\/wp-content\/uploads\/2025\/12\/IMG_3733-100x100.jpg 100w, https:\/\/letstransports.com\/wp-content\/uploads\/2025\/12\/IMG_3733-140x140.jpg 140w, https:\/\/letstransports.com\/wp-content\/uploads\/2025\/12\/IMG_3733-500x500.jpg 500w, https:\/\/letstransports.com\/wp-content\/uploads\/2025\/12\/IMG_3733-350x350.jpg 350w, https:\/\/letstransports.com\/wp-content\/uploads\/2025\/12\/IMG_3733-1000x1000.jpg 1000w, https:\/\/letstransports.com\/wp-content\/uploads\/2025\/12\/IMG_3733-800x800.jpg 800w, https:\/\/letstransports.com\/wp-content\/uploads\/2025\/12\/IMG_3733.jpg 2000w\" data-sizes=\"(max-width: 300px) 100vw, 300px\" src=\"data:image\/svg+xml;base64,PHN2ZyB3aWR0aD0iMSIgaGVpZ2h0PSIxIiB4bWxucz0iaHR0cDovL3d3dy53My5vcmcvMjAwMC9zdmciPjwvc3ZnPg==\" style=\"--smush-placeholder-width: 300px; --smush-placeholder-aspect-ratio: 300\/300;\"><\/h2>\n<h2>Air separator<\/h2>\n<ul>\n<li>The air separator for cleaning upgraded products ensures better material quality, particularly during recycling, as the material is freed from foreign substances (wood and plastic). The air flow can be precisely regulated for each material.<\/li>\n<\/ul>\n<p><img decoding=\"async\" class=\"alignnone size-medium wp-image-5013 lazyload\" data-src=\"https:\/\/letstransports.com\/wp-content\/uploads\/2025\/12\/IMG_3827-300x200.jpg\" alt width=\"300\" height=\"200\" data-srcset=\"https:\/\/letstransports.com\/wp-content\/uploads\/2025\/12\/IMG_3827-300x200.jpg 300w, https:\/\/letstransports.com\/wp-content\/uploads\/2025\/12\/IMG_3827-1024x682.jpg 1024w, https:\/\/letstransports.com\/wp-content\/uploads\/2025\/12\/IMG_3827-768x512.jpg 768w, https:\/\/letstransports.com\/wp-content\/uploads\/2025\/12\/IMG_3827-1536x1024.jpg 1536w, https:\/\/letstransports.com\/wp-content\/uploads\/2025\/12\/IMG_3827-900x600.jpg 900w, https:\/\/letstransports.com\/wp-content\/uploads\/2025\/12\/IMG_3827.jpg 2000w\" data-sizes=\"(max-width: 300px) 100vw, 300px\" src=\"data:image\/svg+xml;base64,PHN2ZyB3aWR0aD0iMSIgaGVpZ2h0PSIxIiB4bWxucz0iaHR0cDovL3d3dy53My5vcmcvMjAwMC9zdmciPjwvc3ZnPg==\" style=\"--smush-placeholder-width: 300px; --smush-placeholder-aspect-ratio: 300\/200;\"><\/p>\n<p>The total budget for the operation is \u20ac580,800, with 65% co-financing from the European Union.<\/p>\n<p><img decoding=\"async\" class=\"alignnone size-full wp-image-4991 lazyload\" data-src=\"https:\/\/letstransports.com\/wp-content\/uploads\/2025\/11\/europe-banner-300px.png\" alt width=\"300\" height=\"56\" src=\"data:image\/svg+xml;base64,PHN2ZyB3aWR0aD0iMSIgaGVpZ2h0PSIxIiB4bWxucz0iaHR0cDovL3d3dy53My5vcmcvMjAwMC9zdmciPjwvc3ZnPg==\" style=\"--smush-placeholder-width: 300px; --smush-placeholder-aspect-ratio: 300\/56;\"><\/p>\n<div style=\"width: 1080px;\" class=\"wp-video\"><video class=\"wp-video-shortcode\" id=\"video-5024-1\" width=\"1080\" height=\"608\" preload=\"metadata\" controls=\"controls\"><source type=\"video\/mp4\" src=\"https:\/\/letstransports.com\/wp-content\/uploads\/2025\/12\/Concasseur-LETS.mp4?_=1\"><a href=\"https:\/\/letstransports.com\/wp-content\/uploads\/2025\/12\/Concasseur-LETS.mp4\">https:\/\/letstransports.com\/wp-content\/uploads\/2025\/12\/Concasseur-LETS.mp4<\/a><\/video><\/div>\n<\/div>\n<\/div>\n","protected":false},"excerpt":{"rendered":"<p>Acquisition of a&nbsp;concrete and medium-hard rock crusher co-financed by the European Union In 2025, LETS invested in a&nbsp;mobile impact concrete crusher, thanks to co-financing from the European Union. This machine\u2026<\/p>\n","protected":false},"author":1,"featured_media":5006,"parent":0,"menu_order":0,"comment_status":"closed","ping_status":"closed","template":"","meta":{"wp_typography_post_enhancements_disabled":false,"_exactmetrics_skip_tracking":false,"_exactmetrics_sitenote_active":false,"_exactmetrics_sitenote_note":"","_exactmetrics_sitenote_category":0,"footnotes":""},"class_list":["post-5024","page","type-page","status-publish","has-post-thumbnail"],"yoast_head":"<!-- This site is optimized with the Yoast SEO plugin v27.3 - https:\/\/yoast.com\/product\/yoast-seo-wordpress\/ -->\n<title>concrete-recycling - LETS Transports<\/title>\n<meta name=\"robots\" content=\"index, follow, max-snippet:-1, max-image-preview:large, max-video-preview:-1\" \/>\n<link rel=\"canonical\" href=\"https:\/\/letstransports.com\/index.php\/en\/concrete-recycling\/\" \/>\n<meta property=\"og:locale\" content=\"fr_FR\" \/>\n<meta property=\"og:type\" content=\"article\" \/>\n<meta property=\"og:title\" content=\"concrete-recycling - LETS Transports\" \/>\n<meta property=\"og:description\" content=\"Acquisition of a&nbsp;concrete and medium-hard rock crusher co-financed by the European Union In 2025, LETS invested in a&nbsp;mobile impact concrete crusher, thanks to co-financing from the European Union. This machine...\" \/>\n<meta property=\"og:url\" content=\"https:\/\/letstransports.com\/index.php\/en\/concrete-recycling\/\" \/>\n<meta property=\"og:site_name\" content=\"LETS Transports\" \/>\n<meta property=\"og:image\" content=\"https:\/\/letstransports.com\/wp-content\/uploads\/2025\/12\/IMG_3662.jpg\" \/>\n\t<meta property=\"og:image:width\" content=\"2000\" \/>\n\t<meta property=\"og:image:height\" content=\"1333\" \/>\n\t<meta property=\"og:image:type\" content=\"image\/jpeg\" \/>\n<meta name=\"twitter:card\" content=\"summary_large_image\" \/>\n<meta name=\"twitter:label1\" content=\"Dur\u00e9e de lecture estim\u00e9e\" \/>\n\t<meta name=\"twitter:data1\" content=\"3 minutes\" \/>\n<script type=\"application\/ld+json\" class=\"yoast-schema-graph\">{\"@context\":\"https:\\\/\\\/schema.org\",\"@graph\":[{\"@type\":\"WebPage\",\"@id\":\"https:\\\/\\\/letstransports.com\\\/index.php\\\/en\\\/concrete-recycling\\\/\",\"url\":\"https:\\\/\\\/letstransports.com\\\/index.php\\\/en\\\/concrete-recycling\\\/\",\"name\":\"concrete-recycling - LETS Transports\",\"isPartOf\":{\"@id\":\"https:\\\/\\\/letstransports.com\\\/#website\"},\"primaryImageOfPage\":{\"@id\":\"https:\\\/\\\/letstransports.com\\\/index.php\\\/en\\\/concrete-recycling\\\/#primaryimage\"},\"image\":{\"@id\":\"https:\\\/\\\/letstransports.com\\\/index.php\\\/en\\\/concrete-recycling\\\/#primaryimage\"},\"thumbnailUrl\":\"https:\\\/\\\/letstransports.com\\\/wp-content\\\/uploads\\\/2025\\\/12\\\/IMG_3662.jpg\",\"datePublished\":\"2025-12-02T19:41:31+00:00\",\"breadcrumb\":{\"@id\":\"https:\\\/\\\/letstransports.com\\\/index.php\\\/en\\\/concrete-recycling\\\/#breadcrumb\"},\"inLanguage\":\"fr-FR\",\"potentialAction\":[{\"@type\":\"ReadAction\",\"target\":[\"https:\\\/\\\/letstransports.com\\\/index.php\\\/en\\\/concrete-recycling\\\/\"]}]},{\"@type\":\"ImageObject\",\"inLanguage\":\"fr-FR\",\"@id\":\"https:\\\/\\\/letstransports.com\\\/index.php\\\/en\\\/concrete-recycling\\\/#primaryimage\",\"url\":\"https:\\\/\\\/letstransports.com\\\/wp-content\\\/uploads\\\/2025\\\/12\\\/IMG_3662.jpg\",\"contentUrl\":\"https:\\\/\\\/letstransports.com\\\/wp-content\\\/uploads\\\/2025\\\/12\\\/IMG_3662.jpg\",\"width\":2000,\"height\":1333,\"caption\":\"Concasseur \u00e0 b\u00e9ton mobile LETS cofinanc\u00e9 par les fonds europ\u00e9ens\"},{\"@type\":\"BreadcrumbList\",\"@id\":\"https:\\\/\\\/letstransports.com\\\/index.php\\\/en\\\/concrete-recycling\\\/#breadcrumb\",\"itemListElement\":[{\"@type\":\"ListItem\",\"position\":1,\"name\":\"Accueil\",\"item\":\"https:\\\/\\\/letstransports.com\\\/\"},{\"@type\":\"ListItem\",\"position\":2,\"name\":\"concrete-recycling\"}]},{\"@type\":\"WebSite\",\"@id\":\"https:\\\/\\\/letstransports.com\\\/#website\",\"url\":\"https:\\\/\\\/letstransports.com\\\/\",\"name\":\"LETS Transports\",\"description\":\"Equipement, transport &amp; service\",\"potentialAction\":[{\"@type\":\"SearchAction\",\"target\":{\"@type\":\"EntryPoint\",\"urlTemplate\":\"https:\\\/\\\/letstransports.com\\\/?s={search_term_string}\"},\"query-input\":{\"@type\":\"PropertyValueSpecification\",\"valueRequired\":true,\"valueName\":\"search_term_string\"}}],\"inLanguage\":\"fr-FR\"}]}<\/script>\n<!-- \/ Yoast SEO plugin. -->","yoast_head_json":{"title":"concrete-recycling - LETS Transports","robots":{"index":"index","follow":"follow","max-snippet":"max-snippet:-1","max-image-preview":"max-image-preview:large","max-video-preview":"max-video-preview:-1"},"canonical":"https:\/\/letstransports.com\/index.php\/en\/concrete-recycling\/","og_locale":"fr_FR","og_type":"article","og_title":"concrete-recycling - LETS Transports","og_description":"Acquisition of a&nbsp;concrete and medium-hard rock crusher co-financed by the European Union In 2025, LETS invested in a&nbsp;mobile impact concrete crusher, thanks to co-financing from the European Union. This machine...","og_url":"https:\/\/letstransports.com\/index.php\/en\/concrete-recycling\/","og_site_name":"LETS Transports","og_image":[{"width":2000,"height":1333,"url":"https:\/\/letstransports.com\/wp-content\/uploads\/2025\/12\/IMG_3662.jpg","type":"image\/jpeg"}],"twitter_card":"summary_large_image","twitter_misc":{"Dur\u00e9e de lecture estim\u00e9e":"3 minutes"},"schema":{"@context":"https:\/\/schema.org","@graph":[{"@type":"WebPage","@id":"https:\/\/letstransports.com\/index.php\/en\/concrete-recycling\/","url":"https:\/\/letstransports.com\/index.php\/en\/concrete-recycling\/","name":"concrete-recycling - LETS Transports","isPartOf":{"@id":"https:\/\/letstransports.com\/#website"},"primaryImageOfPage":{"@id":"https:\/\/letstransports.com\/index.php\/en\/concrete-recycling\/#primaryimage"},"image":{"@id":"https:\/\/letstransports.com\/index.php\/en\/concrete-recycling\/#primaryimage"},"thumbnailUrl":"https:\/\/letstransports.com\/wp-content\/uploads\/2025\/12\/IMG_3662.jpg","datePublished":"2025-12-02T19:41:31+00:00","breadcrumb":{"@id":"https:\/\/letstransports.com\/index.php\/en\/concrete-recycling\/#breadcrumb"},"inLanguage":"fr-FR","potentialAction":[{"@type":"ReadAction","target":["https:\/\/letstransports.com\/index.php\/en\/concrete-recycling\/"]}]},{"@type":"ImageObject","inLanguage":"fr-FR","@id":"https:\/\/letstransports.com\/index.php\/en\/concrete-recycling\/#primaryimage","url":"https:\/\/letstransports.com\/wp-content\/uploads\/2025\/12\/IMG_3662.jpg","contentUrl":"https:\/\/letstransports.com\/wp-content\/uploads\/2025\/12\/IMG_3662.jpg","width":2000,"height":1333,"caption":"Concasseur \u00e0 b\u00e9ton mobile LETS cofinanc\u00e9 par les fonds europ\u00e9ens"},{"@type":"BreadcrumbList","@id":"https:\/\/letstransports.com\/index.php\/en\/concrete-recycling\/#breadcrumb","itemListElement":[{"@type":"ListItem","position":1,"name":"Accueil","item":"https:\/\/letstransports.com\/"},{"@type":"ListItem","position":2,"name":"concrete-recycling"}]},{"@type":"WebSite","@id":"https:\/\/letstransports.com\/#website","url":"https:\/\/letstransports.com\/","name":"LETS Transports","description":"Equipement, transport &amp; service","potentialAction":[{"@type":"SearchAction","target":{"@type":"EntryPoint","urlTemplate":"https:\/\/letstransports.com\/?s={search_term_string}"},"query-input":{"@type":"PropertyValueSpecification","valueRequired":true,"valueName":"search_term_string"}}],"inLanguage":"fr-FR"}]}},"_links":{"self":[{"href":"https:\/\/letstransports.com\/index.php\/wp-json\/wp\/v2\/pages\/5024","targetHints":{"allow":["GET"]}}],"collection":[{"href":"https:\/\/letstransports.com\/index.php\/wp-json\/wp\/v2\/pages"}],"about":[{"href":"https:\/\/letstransports.com\/index.php\/wp-json\/wp\/v2\/types\/page"}],"author":[{"embeddable":true,"href":"https:\/\/letstransports.com\/index.php\/wp-json\/wp\/v2\/users\/1"}],"replies":[{"embeddable":true,"href":"https:\/\/letstransports.com\/index.php\/wp-json\/wp\/v2\/comments?post=5024"}],"version-history":[{"count":1,"href":"https:\/\/letstransports.com\/index.php\/wp-json\/wp\/v2\/pages\/5024\/revisions"}],"predecessor-version":[{"id":5025,"href":"https:\/\/letstransports.com\/index.php\/wp-json\/wp\/v2\/pages\/5024\/revisions\/5025"}],"wp:featuredmedia":[{"embeddable":true,"href":"https:\/\/letstransports.com\/index.php\/wp-json\/wp\/v2\/media\/5006"}],"wp:attachment":[{"href":"https:\/\/letstransports.com\/index.php\/wp-json\/wp\/v2\/media?parent=5024"}],"curies":[{"name":"wp","href":"https:\/\/api.w.org\/{rel}","templated":true}]}}